{"id":27420,"date":"2025-01-19T19:03:46","date_gmt":"2025-01-19T19:03:46","guid":{"rendered":"https:\/\/beyondconsultancy.com\/kariyer\/financial-consultant\/"},"modified":"2025-11-24T20:15:22","modified_gmt":"2025-11-24T20:15:22","slug":"finansal-danisman","status":"publish","type":"page","link":"https:\/\/beyondconsultancy.com\/tr\/kariyer\/finansal-danisman\/","title":{"rendered":"Finansal Dan\u0131\u015fman"},"content":{"rendered":"\n\n\t<section class=\"section dark\" id=\"section_744586730\">\n\t\t<div class=\"section-bg fill\" >\n\t\t\t<img loading=\"lazy\" decoding=\"async\" width=\"1382\" height=\"802\" src=\"https:\/\/beyondconsultancy.com\/wp-content\/uploads\/2024\/11\/beyond_breadcrumb.jpg\" class=\"bg attachment-original size-original\" alt=\"\" \/>\t\t\t\t\t\t<div class=\"section-bg-overlay absolute fill\"><\/div>\n\t\t\t\n\n\t\t<\/div>\n\n\t\t\n\n\t\t<div class=\"section-content relative\">\n\t\t\t\n\n\t<div id=\"gap-1833209317\" class=\"gap-element clearfix\" style=\"display:block; height:auto;\">\n\t\t\n<style>\n#gap-1833209317 {\n  padding-top: 30px;\n}\n<\/style>\n\t<\/div>\n\t\n\n<div class=\"row row-small align-middle align-center\"  id=\"row-1857646563\">\n\n\n\t<div id=\"col-324879122\" class=\"col medium-8 small-10 large-12\"  >\n\t\t\t\t<div class=\"col-inner text-center\"  >\n\t\t\t\n\t\t\t\n\n<a class=\"button secondary is-small\" style=\"border-radius:5px;padding:0px 30px 0px 30px;\">\n\t\t<span>Kariyer<\/span>\n\t<\/a>\n\n\n\t<div id=\"gap-529570730\" class=\"gap-element clearfix\" style=\"display:block; height:auto;\">\n\t\t\n<style>\n#gap-529570730 {\n  padding-top: 20px;\n}\n<\/style>\n\t<\/div>\n\t\n\n\t<div id=\"text-3434319714\" class=\"text\">\n\t\t\n\n<h1>Finansal Dan\u0131\u015fman <\/h1>\n\t\t\n<style>\n#text-3434319714 {\n  font-size: 2.25rem;\n  text-align: center;\n  color: rgb(255,255,255);\n}\n#text-3434319714 > * {\n  color: rgb(255,255,255);\n}\n<\/style>\n\t<\/div>\n\t\n\t<div id=\"text-3302472651\" class=\"text\">\n\t\t\n\n\n\t\t\n<style>\n#text-3302472651 {\n  font-size: 1.25rem;\n  text-align: center;\n  color: rgb(255,255,255);\n}\n#text-3302472651 > * {\n  color: rgb(255,255,255);\n}\n<\/style>\n\t<\/div>\n\t\n\n\t\t<\/div>\n\t\t\t\t\t<\/div>\n\n\t\n\n<\/div>\n\n\t\t<\/div>\n\n\t\t\n<style>\n#section_744586730 {\n  padding-top: 20px;\n  padding-bottom: 20px;\n  background-color: rgb(255,255,255);\n}\n#section_744586730 .section-bg-overlay {\n  background-color: rgba(0, 0, 0, 0.198);\n}\n#section_744586730 .section-bg img {\n  object-position: 68% 24%;\n}\n@media (min-width:550px) {\n  #section_744586730 {\n    padding-top: 70px;\n    padding-bottom: 70px;\n  }\n}\n<\/style>\n\t<\/section>\n\t\n\n\t<section class=\"section\" id=\"section_201132573\">\n\t\t<div class=\"section-bg fill\" >\n\t\t\t\t\t\t\t\t\t\n\t\t\t\n\n\t\t<\/div>\n\n\t\t\n\n\t\t<div class=\"section-content relative\">\n\t\t\t\n\n\t<div id=\"gap-1844180518\" class=\"gap-element clearfix\" style=\"display:block; height:auto;\">\n\t\t\n<style>\n#gap-1844180518 {\n  padding-top: 30px;\n}\n<\/style>\n\t<\/div>\n\t\n\n<div class=\"row align-middle\"  id=\"row-1492378412\">\n\n\n\t<div id=\"col-334142721\" class=\"col medium-12 small-12 large-6\"  >\n\t\t\t\t<div class=\"col-inner\"  >\n\t\t\t\n\t\t\t\n\n\n  <div class=\"banner has-hover\" id=\"banner-66763796\">\n          <div class=\"banner-inner fill\">\n        <div class=\"banner-bg fill\" >\n            <img loading=\"lazy\" decoding=\"async\" width=\"1000\" height=\"1000\" src=\"https:\/\/beyondconsultancy.com\/wp-content\/uploads\/2025\/01\/Financial-Consultant.png\" class=\"bg attachment-large size-large\" alt=\"\" \/>                                    \n                    <\/div>\n\t\t\n        <div class=\"banner-layers container\">\n            <div class=\"fill banner-link\"><\/div>            \n\n   <div id=\"text-box-1580926354\" class=\"text-box banner-layer x50 md-x50 lg-x50 y50 md-y50 lg-y50 res-text\">\n                                <div class=\"text-box-content text dark\">\n              \n              <div class=\"text-inner text-center\">\n                  \n\n\n              <\/div>\n           <\/div>\n                            \n<style>\n#text-box-1580926354 {\n  width: 60%;\n}\n#text-box-1580926354 .text-box-content {\n  font-size: 100%;\n}\n<\/style>\n    <\/div>\n \n\n        <\/div>\n      <\/div>\n\n            \n<style>\n#banner-66763796 {\n  padding-top: 99.99%;\n  background-color: rgb(255, 255, 255);\n}\n#banner-66763796 .banner-bg img {\n  object-position: 35% 56%;\n}\n@media (min-width:550px) {\n  #banner-66763796 {\n    padding-top: 75%;\n  }\n}\n@media (min-width:850px) {\n  #banner-66763796 {\n    padding-top: 97.19%;\n  }\n}\n<\/style>\n  <\/div>\n\n\n\n\t\t<\/div>\n\t\t\t\t\t<\/div>\n\n\t\n\n\t<div id=\"col-2032949293\" class=\"col medium-12 small-12 large-6\"  >\n\t\t\t\t<div class=\"col-inner\"  >\n\t\t\t\n\t\t\t\n\n\t<div id=\"gap-1387831835\" class=\"gap-element clearfix\" style=\"display:block; height:auto;\">\n\t\t\n<style>\n#gap-1387831835 {\n  padding-top: 10px;\n}\n@media (min-width:850px) {\n  #gap-1387831835 {\n    padding-top: 30px;\n  }\n}\n<\/style>\n\t<\/div>\n\t\n\n\t<div id=\"text-1117136611\" class=\"text\">\n\t\t\n\n<h2><span class=\"underline-gradient-orange\">\u015eirket Detaylar\u0131<\/span><\/h2>\n\t\t\n<style>\n#text-1117136611 {\n  font-size: 1.5rem;\n}\n<\/style>\n\t<\/div>\n\t\n\t<div id=\"text-656544156\" class=\"text text-justify\">\n\t\t\n\n<p>D\u00fcnyadaki her sekt\u00f6r ve end\u00fcstride faaliyet g\u00f6steren her i\u015fletme, ka\u00e7\u0131n\u0131lmaz olarak kar\u015f\u0131la\u015ft\u0131\u011f\u0131 ticari sorunlarla m\u00fccadele ediyor. Finansal sa\u011fl\u0131k; bir \u015firketin varl\u0131\u011f\u0131, hayatta kalmas\u0131 ve devaml\u0131l\u0131\u011f\u0131 i\u00e7in hayati \u00f6neme sahip.<\/p>\n<p>Piyasan\u0131n dinamikleri s\u00fcrekli de\u011fi\u015fiyor ve bundan dolay\u0131 finansal dan\u0131\u015fmanlar\u0131n h\u0131zl\u0131ca yeni duruma ayak uydurmalar\u0131 gerekiyor. Bilginin s\u00fcrekli g\u00fcncellenmesi, keskin bir bak\u0131\u015f a\u00e7\u0131s\u0131 ve farkl\u0131 zamanlarda farkl\u0131 yakla\u015f\u0131mlar, temel ve vazge\u00e7ilmez unsurlard\u0131r. Bunlar\u0131n hepsi, ortaya \u00e7\u0131kan i\u015f f\u0131rsatlar\u0131ndan en iyi \u015fekilde yararlanmak i\u00e7in \u00f6nemlidir.<\/p>\n<p>Finansal i\u015f sorunlar\u0131 oldu\u011funda, m\u00fc\u015fterilerimiz do\u011fru adreste olduklar\u0131n\u0131 bilerek yard\u0131m i\u00e7in kap\u0131m\u0131z\u0131 \u00e7al\u0131yor. Bu nedenle, bir dan\u0131\u015fmanl\u0131k \u015firketi olarak, onlara bu s\u00fcre\u00e7te rehberlik etmek ve yard\u0131mc\u0131 olmak i\u00e7in her zaman yanlar\u0131nda oluyoruz.<\/p>\n\t\t\n<style>\n#text-656544156 {\n  font-size: 1.2rem;\n}\n<\/style>\n\t<\/div>\n\t\n\n\t\t<\/div>\n\t\t\t\t\n<style>\n#col-2032949293 > .col-inner {\n  padding: 0px 0px 0px 0;\n}\n@media (min-width:850px) {\n  #col-2032949293 > .col-inner {\n    padding: 0px 0px 0px 10%;\n  }\n}\n<\/style>\n\t<\/div>\n\n\t\n\n<\/div>\n\n\t\t<\/div>\n\n\t\t\n<style>\n#section_201132573 {\n  padding-top: 0px;\n  padding-bottom: 0px;\n}\n@media (min-width:550px) {\n  #section_201132573 {\n    padding-top: 40px;\n    padding-bottom: 40px;\n  }\n}\n@media (min-width:850px) {\n  #section_201132573 {\n    padding-top: 20px;\n    padding-bottom: 20px;\n  }\n}\n<\/style>\n\t<\/section>\n\t\n\n\t<section class=\"section\" id=\"section_1590026740\">\n\t\t<div class=\"section-bg fill\" >\n\t\t\t\t\t\t\t\t\t\n\t\t\t\n\n\t\t<\/div>\n\n\t\t\n\n\t\t<div class=\"section-content relative\">\n\t\t\t\n\n<div class=\"row\" style=\"max-width:1300px\" id=\"row-896093574\">\n\n\n\t<div id=\"col-1471850716\" class=\"col small-12 large-12\"  >\n\t\t\t\t<div class=\"col-inner\"  >\n\t\t\t\n\t\t\t\n\n<div class=\"row\" style=\"max-width:1300px\" id=\"row-301290156\">\n\n\n\t<div id=\"col-373791721\" class=\"col medium-4 small-12 large-4\"  >\n\t\t\t\t<div class=\"col-inner text-center box-shadow-2\" style=\"background-color:rgb(247, 247, 248);\" >\n\t\t\t\n\t<div class=\"is-border\"\n\t\tstyle=\"border-color:rgb(236, 124, 35);border-width:3px 0px 0px 0px;\">\n\t<\/div>\n\t\t\t\n\n\t<div id=\"text-85549739\" class=\"text\">\n\t\t\n\n<h2>Profiliniz<\/h2>\n\t\t\n<style>\n#text-85549739 {\n  color: rgb(0,0,0);\n}\n#text-85549739 > * {\n  color: rgb(0,0,0);\n}\n<\/style>\n\t<\/div>\n\t\n\t<div id=\"gap-930580294\" class=\"gap-element clearfix\" style=\"display:block; height:auto;\">\n\t\t\n<style>\n#gap-930580294 {\n  padding-top: 30px;\n}\n<\/style>\n\t<\/div>\n\t\n\n\n\t\t<div class=\"icon-box featured-box icon-box-left text-left is-xsmall\"  >\n\t\t\t\t\t<div class=\"icon-box-img\" style=\"width: 20px\">\n\t\t\t\t<div class=\"icon\">\n\t\t\t\t\t<div class=\"icon-inner\" >\n\t\t\t\t\t\t<img loading=\"lazy\" decoding=\"async\" width=\"148\" height=\"148\" src=\"https:\/\/beyondconsultancy.com\/wp-content\/uploads\/2024\/10\/ok-icon.webp\" class=\"attachment-medium size-medium\" alt=\"\" \/>\t\t\t\t\t<\/div>\n\t\t\t\t<\/div>\n\t\t\t<\/div>\n\t\t\t\t<div class=\"icon-box-text last-reset\">\n\t\t\t\t\t\t\t\t\t\n\n\t<div id=\"text-2527405918\" class=\"text text-justify\">\n\t\t\n\n<p>\u0130\u015fletme, Finans, Ekonomi veya benzer alanlarda Lisans derecesi<\/p>\n\t\t\n<style>\n#text-2527405918 {\n  font-size: 1.2rem;\n}\n<\/style>\n\t<\/div>\n\t\n\n\t\t<\/div>\n\t<\/div>\n\t\n\t\n\n\t\t<div class=\"icon-box featured-box icon-box-left text-left is-xsmall\"  >\n\t\t\t\t\t<div class=\"icon-box-img\" style=\"width: 20px\">\n\t\t\t\t<div class=\"icon\">\n\t\t\t\t\t<div class=\"icon-inner\" >\n\t\t\t\t\t\t<img loading=\"lazy\" decoding=\"async\" width=\"148\" height=\"148\" src=\"https:\/\/beyondconsultancy.com\/wp-content\/uploads\/2024\/10\/ok-icon.webp\" class=\"attachment-medium size-medium\" alt=\"\" \/>\t\t\t\t\t<\/div>\n\t\t\t\t<\/div>\n\t\t\t<\/div>\n\t\t\t\t<div class=\"icon-box-text last-reset\">\n\t\t\t\t\t\t\t\t\t\n\n\t<div id=\"text-1654245887\" class=\"text text-justify\">\n\t\t\n\n<p>Finansal dan\u0131\u015fmanl\u0131k alan\u0131nda deneyim<\/p>\n\t\t\n<style>\n#text-1654245887 {\n  font-size: 1.2rem;\n}\n<\/style>\n\t<\/div>\n\t\n\n\t\t<\/div>\n\t<\/div>\n\t\n\t\n\n\t\t<div class=\"icon-box featured-box icon-box-left text-left is-xsmall\"  >\n\t\t\t\t\t<div class=\"icon-box-img\" style=\"width: 20px\">\n\t\t\t\t<div class=\"icon\">\n\t\t\t\t\t<div class=\"icon-inner\" >\n\t\t\t\t\t\t<img loading=\"lazy\" decoding=\"async\" width=\"148\" height=\"148\" src=\"https:\/\/beyondconsultancy.com\/wp-content\/uploads\/2024\/10\/ok-icon.webp\" class=\"attachment-medium size-medium\" alt=\"\" \/>\t\t\t\t\t<\/div>\n\t\t\t\t<\/div>\n\t\t\t<\/div>\n\t\t\t\t<div class=\"icon-box-text last-reset\">\n\t\t\t\t\t\t\t\t\t\n\n\t<div id=\"text-3558007471\" class=\"text text-justify\">\n\t\t\n\n<p>Etkili ileti\u015fim becerileri<\/p>\n\t\t\n<style>\n#text-3558007471 {\n  font-size: 1.2rem;\n}\n<\/style>\n\t<\/div>\n\t\n\n\t\t<\/div>\n\t<\/div>\n\t\n\t\n\n\t\t<div class=\"icon-box featured-box icon-box-left text-left is-xsmall\"  >\n\t\t\t\t\t<div class=\"icon-box-img\" style=\"width: 20px\">\n\t\t\t\t<div class=\"icon\">\n\t\t\t\t\t<div class=\"icon-inner\" >\n\t\t\t\t\t\t<img loading=\"lazy\" decoding=\"async\" width=\"148\" height=\"148\" src=\"https:\/\/beyondconsultancy.com\/wp-content\/uploads\/2024\/10\/ok-icon.webp\" class=\"attachment-medium size-medium\" alt=\"\" \/>\t\t\t\t\t<\/div>\n\t\t\t\t<\/div>\n\t\t\t<\/div>\n\t\t\t\t<div class=\"icon-box-text last-reset\">\n\t\t\t\t\t\t\t\t\t\n\n\t<div id=\"text-3110985389\" class=\"text text-justify\">\n\t\t\n\n<p>G\u00fc\u00e7l\u00fc i\u015f zek\u00e2s\u0131 ve kavray\u0131\u015f\u0131<\/p>\n\t\t\n<style>\n#text-3110985389 {\n  font-size: 1.2rem;\n}\n<\/style>\n\t<\/div>\n\t\n\n\t\t<\/div>\n\t<\/div>\n\t\n\t\n\n\t\t<div class=\"icon-box featured-box icon-box-left text-left is-xsmall\"  >\n\t\t\t\t\t<div class=\"icon-box-img\" style=\"width: 20px\">\n\t\t\t\t<div class=\"icon\">\n\t\t\t\t\t<div class=\"icon-inner\" >\n\t\t\t\t\t\t<img loading=\"lazy\" decoding=\"async\" width=\"148\" height=\"148\" src=\"https:\/\/beyondconsultancy.com\/wp-content\/uploads\/2024\/10\/ok-icon.webp\" class=\"attachment-medium size-medium\" alt=\"\" \/>\t\t\t\t\t<\/div>\n\t\t\t\t<\/div>\n\t\t\t<\/div>\n\t\t\t\t<div class=\"icon-box-text last-reset\">\n\t\t\t\t\t\t\t\t\t\n\n\t<div id=\"text-3060823963\" class=\"text text-justify\">\n\t\t\n\n<p>Problem \u00e7\u00f6zme becerileri<\/p>\n\t\t\n<style>\n#text-3060823963 {\n  font-size: 1.2rem;\n}\n<\/style>\n\t<\/div>\n\t\n\t<div id=\"gap-407061393\" class=\"gap-element clearfix\" style=\"display:block; height:auto;\">\n\t\t\n<style>\n#gap-407061393 {\n  padding-top: 15px;\n}\n<\/style>\n\t<\/div>\n\t\n\n\n\t\t<\/div>\n\t<\/div>\n\t\n\t\n\n\t\t<\/div>\n\t\t\t\t\n<style>\n#col-373791721 > .col-inner {\n  padding: 30px 30px 30px 30px;\n}\n<\/style>\n\t<\/div>\n\n\t\n\n\t<div id=\"col-479709107\" class=\"col medium-4 small-12 large-4\"  >\n\t\t\t\t<div class=\"col-inner text-center box-shadow-2\" style=\"background-color:rgb(247, 247, 248);\" >\n\t\t\t\n\t<div class=\"is-border\"\n\t\tstyle=\"border-color:rgb(236, 124, 35);border-width:3px 0px 0px 0px;\">\n\t<\/div>\n\t\t\t\n\n\t<div id=\"text-3465406876\" class=\"text\">\n\t\t\n\n<h2>\u0130\u015f Sorumluluklar\u0131<\/h2>\n\t\t\n<style>\n#text-3465406876 {\n  color: rgb(0,0,0);\n}\n#text-3465406876 > * {\n  color: rgb(0,0,0);\n}\n<\/style>\n\t<\/div>\n\t\n\t<div id=\"gap-948441952\" class=\"gap-element clearfix\" style=\"display:block; height:auto;\">\n\t\t\n<style>\n#gap-948441952 {\n  padding-top: 30px;\n}\n<\/style>\n\t<\/div>\n\t\n\n\n\t\t<div class=\"icon-box featured-box icon-box-left text-left is-xsmall\"  >\n\t\t\t\t\t<div class=\"icon-box-img\" style=\"width: 20px\">\n\t\t\t\t<div class=\"icon\">\n\t\t\t\t\t<div class=\"icon-inner\" >\n\t\t\t\t\t\t<img loading=\"lazy\" decoding=\"async\" width=\"148\" height=\"148\" src=\"https:\/\/beyondconsultancy.com\/wp-content\/uploads\/2024\/10\/ok-icon.webp\" class=\"attachment-medium size-medium\" alt=\"\" \/>\t\t\t\t\t<\/div>\n\t\t\t\t<\/div>\n\t\t\t<\/div>\n\t\t\t\t<div class=\"icon-box-text last-reset\">\n\t\t\t\t\t\t\t\t\t\n\n\t<div id=\"text-3302548332\" class=\"text text-justify\">\n\t\t\n\n<p>Finansal piyasalardaki e\u011filimleri, geli\u015fmeleri ve ko\u015fullar\u0131 izlemek ve analiz etmek.<\/p>\n\t\t\n<style>\n#text-3302548332 {\n  font-size: 1.2rem;\n}\n<\/style>\n\t<\/div>\n\t\n\n\t\t<\/div>\n\t<\/div>\n\t\n\t\n\n\t\t<div class=\"icon-box featured-box icon-box-left text-left is-xsmall\"  >\n\t\t\t\t\t<div class=\"icon-box-img\" style=\"width: 20px\">\n\t\t\t\t<div class=\"icon\">\n\t\t\t\t\t<div class=\"icon-inner\" >\n\t\t\t\t\t\t<img loading=\"lazy\" decoding=\"async\" width=\"148\" height=\"148\" src=\"https:\/\/beyondconsultancy.com\/wp-content\/uploads\/2024\/10\/ok-icon.webp\" class=\"attachment-medium size-medium\" alt=\"\" \/>\t\t\t\t\t<\/div>\n\t\t\t\t<\/div>\n\t\t\t<\/div>\n\t\t\t\t<div class=\"icon-box-text last-reset\">\n\t\t\t\t\t\t\t\t\t\n\n\t<div id=\"text-729354009\" class=\"text text-justify\">\n\t\t\n\n<p>H\u00fck\u00fcmetin yasalar\u0131ndaki, d\u00fczenlemelerindeki ve politikalar\u0131ndaki yasal de\u011fi\u015fiklikler hakk\u0131nda stratejik finansal dan\u0131\u015fmanl\u0131k sa\u011flamak.<\/p>\n\t\t\n<style>\n#text-729354009 {\n  font-size: 1.2rem;\n}\n<\/style>\n\t<\/div>\n\t\n\n\t\t<\/div>\n\t<\/div>\n\t\n\t\n\n\t\t<div class=\"icon-box featured-box icon-box-left text-left is-xsmall\"  >\n\t\t\t\t\t<div class=\"icon-box-img\" style=\"width: 20px\">\n\t\t\t\t<div class=\"icon\">\n\t\t\t\t\t<div class=\"icon-inner\" >\n\t\t\t\t\t\t<img loading=\"lazy\" decoding=\"async\" width=\"148\" height=\"148\" src=\"https:\/\/beyondconsultancy.com\/wp-content\/uploads\/2024\/10\/ok-icon.webp\" class=\"attachment-medium size-medium\" alt=\"\" \/>\t\t\t\t\t<\/div>\n\t\t\t\t<\/div>\n\t\t\t<\/div>\n\t\t\t\t<div class=\"icon-box-text last-reset\">\n\t\t\t\t\t\t\t\t\t\n\n\t<div id=\"text-4003160383\" class=\"text text-justify\">\n\t\t\n\n<p>M\u00fc\u015fterilerin finansal durumunu analiz etmek ve onlar\u0131n stratejik hedeflerine dayal\u0131 finansal planlar geli\u015ftirmek.<\/p>\n\t\t\n<style>\n#text-4003160383 {\n  font-size: 1.2rem;\n}\n<\/style>\n\t<\/div>\n\t\n\n\t\t<\/div>\n\t<\/div>\n\t\n\t\n\n\t\t<div class=\"icon-box featured-box icon-box-left text-left is-xsmall\"  >\n\t\t\t\t\t<div class=\"icon-box-img\" style=\"width: 20px\">\n\t\t\t\t<div class=\"icon\">\n\t\t\t\t\t<div class=\"icon-inner\" >\n\t\t\t\t\t\t<img loading=\"lazy\" decoding=\"async\" width=\"148\" height=\"148\" src=\"https:\/\/beyondconsultancy.com\/wp-content\/uploads\/2024\/10\/ok-icon.webp\" class=\"attachment-medium size-medium\" alt=\"\" \/>\t\t\t\t\t<\/div>\n\t\t\t\t<\/div>\n\t\t\t<\/div>\n\t\t\t\t<div class=\"icon-box-text last-reset\">\n\t\t\t\t\t\t\t\t\t\n\n\t<div id=\"text-1870353826\" class=\"text text-justify\">\n\t\t\n\n<p>M\u00fc\u015fterinin istekleri, yetenekleri ve s\u0131n\u0131rlamalar\u0131 do\u011frultusunda yat\u0131r\u0131m f\u0131rsatlar\u0131n\u0131 form\u00fcle etmek ve sunmak.<\/p>\n\t\t\n<style>\n#text-1870353826 {\n  font-size: 1.2rem;\n}\n<\/style>\n\t<\/div>\n\t\n\n\t\t<\/div>\n\t<\/div>\n\t\n\t\n\n\t\t<\/div>\n\t\t\t\t\n<style>\n#col-479709107 > .col-inner {\n  padding: 30px 30px 30px 30px;\n}\n<\/style>\n\t<\/div>\n\n\t\n\n\t<div id=\"col-1695110917\" class=\"col medium-4 small-12 large-4\"  >\n\t\t\t\t<div class=\"col-inner text-center box-shadow-2\" style=\"background-color:rgb(247, 247, 248);\" >\n\t\t\t\n\t<div class=\"is-border\"\n\t\tstyle=\"border-color:rgb(236, 124, 35);border-width:3px 0px 0px 0px;\">\n\t<\/div>\n\t\t\t\n\n\t<div id=\"text-4080345452\" class=\"text\">\n\t\t\n\n<h2>\u0130\u015fin Avantajlar\u0131<\/h2>\n\t\t\n<style>\n#text-4080345452 {\n  color: rgb(0,0,0);\n}\n#text-4080345452 > * {\n  color: rgb(0,0,0);\n}\n<\/style>\n\t<\/div>\n\t\n\t<div id=\"gap-1250239411\" class=\"gap-element clearfix\" style=\"display:block; height:auto;\">\n\t\t\n<style>\n#gap-1250239411 {\n  padding-top: 30px;\n}\n<\/style>\n\t<\/div>\n\t\n\n\n\t\t<div class=\"icon-box featured-box icon-box-left text-left is-xsmall\"  >\n\t\t\t\t\t<div class=\"icon-box-img\" style=\"width: 20px\">\n\t\t\t\t<div class=\"icon\">\n\t\t\t\t\t<div class=\"icon-inner\" >\n\t\t\t\t\t\t<img loading=\"lazy\" decoding=\"async\" width=\"148\" height=\"148\" src=\"https:\/\/beyondconsultancy.com\/wp-content\/uploads\/2024\/10\/ok-icon.webp\" class=\"attachment-medium size-medium\" alt=\"\" \/>\t\t\t\t\t<\/div>\n\t\t\t\t<\/div>\n\t\t\t<\/div>\n\t\t\t\t<div class=\"icon-box-text last-reset\">\n\t\t\t\t\t\t\t\t\t\n\n\t<div id=\"text-3324309928\" class=\"text text-justify\">\n\t\t\n\n<p>Kariyer geli\u015fiminiz i\u00e7in ki\u015fisel e\u011fitim ve \u00f6zel olarak haz\u0131rlanm\u0131\u015f bir plan.<\/p>\n\t\t\n<style>\n#text-3324309928 {\n  font-size: 1.2rem;\n}\n<\/style>\n\t<\/div>\n\t\n\n\t\t<\/div>\n\t<\/div>\n\t\n\t\n\n\t\t<div class=\"icon-box featured-box icon-box-left text-left is-xsmall\"  >\n\t\t\t\t\t<div class=\"icon-box-img\" style=\"width: 20px\">\n\t\t\t\t<div class=\"icon\">\n\t\t\t\t\t<div class=\"icon-inner\" >\n\t\t\t\t\t\t<img loading=\"lazy\" decoding=\"async\" width=\"148\" height=\"148\" src=\"https:\/\/beyondconsultancy.com\/wp-content\/uploads\/2024\/10\/ok-icon.webp\" class=\"attachment-medium size-medium\" alt=\"\" \/>\t\t\t\t\t<\/div>\n\t\t\t\t<\/div>\n\t\t\t<\/div>\n\t\t\t\t<div class=\"icon-box-text last-reset\">\n\t\t\t\t\t\t\t\t\t\n\n\t<div id=\"text-743052062\" class=\"text text-justify\">\n\t\t\n\n<p>Kariyer f\u0131rsatlar\u0131, emeklerinizin terfi ile \u00f6d\u00fcllendirilmesi.<\/p>\n\t\t\n<style>\n#text-743052062 {\n  font-size: 1.2rem;\n}\n<\/style>\n\t<\/div>\n\t\n\n\t\t<\/div>\n\t<\/div>\n\t\n\t\n\n\t\t<div class=\"icon-box featured-box icon-box-left text-left is-xsmall\"  >\n\t\t\t\t\t<div class=\"icon-box-img\" style=\"width: 20px\">\n\t\t\t\t<div class=\"icon\">\n\t\t\t\t\t<div class=\"icon-inner\" >\n\t\t\t\t\t\t<img loading=\"lazy\" decoding=\"async\" width=\"148\" height=\"148\" src=\"https:\/\/beyondconsultancy.com\/wp-content\/uploads\/2024\/10\/ok-icon.webp\" class=\"attachment-medium size-medium\" alt=\"\" \/>\t\t\t\t\t<\/div>\n\t\t\t\t<\/div>\n\t\t\t<\/div>\n\t\t\t\t<div class=\"icon-box-text last-reset\">\n\t\t\t\t\t\t\t\t\t\n\n\t<div id=\"text-2693842353\" class=\"text text-justify\">\n\t\t\n\n<p>Komisyonlarla birlikte cazip maa\u015f paketi.<\/p>\n\t\t\n<style>\n#text-2693842353 {\n  font-size: 1.2rem;\n}\n<\/style>\n\t<\/div>\n\t\n\n\t\t<\/div>\n\t<\/div>\n\t\n\t\n\n\t\t<div class=\"icon-box featured-box icon-box-left text-left is-xsmall\"  >\n\t\t\t\t\t<div class=\"icon-box-img\" style=\"width: 20px\">\n\t\t\t\t<div class=\"icon\">\n\t\t\t\t\t<div class=\"icon-inner\" >\n\t\t\t\t\t\t<img loading=\"lazy\" decoding=\"async\" width=\"148\" height=\"148\" src=\"https:\/\/beyondconsultancy.com\/wp-content\/uploads\/2024\/10\/ok-icon.webp\" class=\"attachment-medium size-medium\" alt=\"\" \/>\t\t\t\t\t<\/div>\n\t\t\t\t<\/div>\n\t\t\t<\/div>\n\t\t\t\t<div class=\"icon-box-text last-reset\">\n\t\t\t\t\t\t\t\t\t\n\n\t<div id=\"text-2118592988\" class=\"text text-justify\">\n\t\t\n\n<p>Dinamik uluslararas\u0131 k\u00fclt\u00fcr ve \u00e7al\u0131\u015fma ortam\u0131.<\/p>\n\t\t\n<style>\n#text-2118592988 {\n  font-size: 1.2rem;\n}\n<\/style>\n\t<\/div>\n\t\n\n\t\t<\/div>\n\t<\/div>\n\t\n\t\n\n\t\t<div class=\"icon-box featured-box icon-box-left text-left is-xsmall\"  >\n\t\t\t\t\t<div class=\"icon-box-img\" style=\"width: 20px\">\n\t\t\t\t<div class=\"icon\">\n\t\t\t\t\t<div class=\"icon-inner\" >\n\t\t\t\t\t\t<img loading=\"lazy\" decoding=\"async\" width=\"148\" height=\"148\" src=\"https:\/\/beyondconsultancy.com\/wp-content\/uploads\/2024\/10\/ok-icon.webp\" class=\"attachment-medium size-medium\" alt=\"\" \/>\t\t\t\t\t<\/div>\n\t\t\t\t<\/div>\n\t\t\t<\/div>\n\t\t\t\t<div class=\"icon-box-text last-reset\">\n\t\t\t\t\t\t\t\t\t\n\n\t<div id=\"text-2797361907\" class=\"text text-justify\">\n\t\t\n\n<p>E\u011flenceli ve unutulmaz \u015firket etkinlikleri.<\/p>\n\t\t\n<style>\n#text-2797361907 {\n  font-size: 1.2rem;\n}\n<\/style>\n\t<\/div>\n\t\n\t<div id=\"gap-543538644\" class=\"gap-element clearfix\" style=\"display:block; height:auto;\">\n\t\t\n<style>\n#gap-543538644 {\n  padding-top: 15px;\n}\n<\/style>\n\t<\/div>\n\t\n\n\n\t\t<\/div>\n\t<\/div>\n\t\n\t\n\n\t\t<\/div>\n\t\t\t\t\n<style>\n#col-1695110917 > .col-inner {\n  padding: 30px 30px 30px 30px;\n}\n<\/style>\n\t<\/div>\n\n\t\n\n<\/div>\n\n\t\t<\/div>\n\t\t\t\t\n<style>\n#col-1471850716 > .col-inner {\n  margin: 30px 0px 0px 0px;\n}\n<\/style>\n\t<\/div>\n\n\t\n\n<\/div>\n\n\t\t<\/div>\n\n\t\t\n<style>\n#section_1590026740 {\n  padding-top: 10px;\n  padding-bottom: 10px;\n}\n<\/style>\n\t<\/section>\n\t\n\n\t<section class=\"section dark\" id=\"section_1800674478\">\n\t\t<div class=\"section-bg fill\" >\n\t\t\t<img loading=\"lazy\" decoding=\"async\" width=\"1082\" height=\"802\" src=\"https:\/\/beyondconsultancy.com\/wp-content\/uploads\/2024\/11\/service-breadcrumb.jpg\" class=\"bg attachment- size-\" alt=\"\" \/>\t\t\t\t\t\t<div class=\"section-bg-overlay absolute fill\"><\/div>\n\t\t\t\n\n\t\t<\/div>\n\n\t\t\n\n\t\t<div class=\"section-content relative\">\n\t\t\t\n\n<div class=\"row align-center\"  id=\"row-1674371115\">\n\n\n\t<div id=\"col-882720407\" class=\"col medium-8 small-12 large-8\"  >\n\t\t\t\t<div class=\"col-inner text-center\"  >\n\t\t\t\n\t\t\t\n\n\t<div id=\"text-2781589802\" class=\"text\">\n\t\t\n\n<h2>Sizin \u0130\u00e7in Buraday\u0131z<\/h2>\n\t\t\n<style>\n#text-2781589802 {\n  font-size: 1.1rem;\n}\n@media (min-width:550px) {\n  #text-2781589802 {\n    font-size: 1.2rem;\n  }\n}\n<\/style>\n\t<\/div>\n\t\n\t<div id=\"gap-1160660266\" class=\"gap-element clearfix\" style=\"display:block; height:auto;\">\n\t\t\n<style>\n#gap-1160660266 {\n  padding-top: 30px;\n}\n<\/style>\n\t<\/div>\n\t\n\n<a class=\"button secondary is-underline is-xlarge lowercase open-consult-modal\" >\n\t\t<span>Profesyonel destek i\u00e7in bizimle ileti\u015fime ge\u00e7in<\/span>\n\t<\/a>\n\n\n\n\t\t<\/div>\n\t\t\t\t\t<\/div>\n\n\t\n\n<\/div>\n\n\t\t<\/div>\n\n\t\t\n<style>\n#section_1800674478 {\n  padding-top: 30px;\n  padding-bottom: 30px;\n  min-height: 500px;\n}\n#section_1800674478 .section-bg-overlay {\n  background-color: rgba(0, 0, 0, 0.68);\n}\n#section_1800674478 .section-bg img {\n  object-position: 14% 35%;\n}\n@media (min-width:550px) {\n  #section_1800674478 {\n    min-height: 400px;\n  }\n}\n<\/style>\n\t<\/section>\n\t\n\n","protected":false},"excerpt":{"rendered":"","protected":false},"author":1,"featured_media":0,"parent":27406,"menu_order":0,"comment_status":"closed","ping_status":"closed","template":"page-blank.php","meta":{"footnotes":""},"class_list":["post-27420","page","type-page","status-publish","hentry"],"_links":{"self":[{"href":"https:\/\/beyondconsultancy.com\/tr\/wp-json\/wp\/v2\/pages\/27420","targetHints":{"allow":["GET"]}}],"collection":[{"href":"https:\/\/beyondconsultancy.com\/tr\/wp-json\/wp\/v2\/pages"}],"about":[{"href":"https:\/\/beyondconsultancy.com\/tr\/wp-json\/wp\/v2\/types\/page"}],"author":[{"embeddable":true,"href":"https:\/\/beyondconsultancy.com\/tr\/wp-json\/wp\/v2\/users\/1"}],"replies":[{"embeddable":true,"href":"https:\/\/beyondconsultancy.com\/tr\/wp-json\/wp\/v2\/comments?post=27420"}],"version-history":[{"count":5,"href":"https:\/\/beyondconsultancy.com\/tr\/wp-json\/wp\/v2\/pages\/27420\/revisions"}],"predecessor-version":[{"id":28318,"href":"https:\/\/beyondconsultancy.com\/tr\/wp-json\/wp\/v2\/pages\/27420\/revisions\/28318"}],"up":[{"embeddable":true,"href":"https:\/\/beyondconsultancy.com\/tr\/wp-json\/wp\/v2\/pages\/27406"}],"wp:attachment":[{"href":"https:\/\/beyondconsultancy.com\/tr\/wp-json\/wp\/v2\/media?parent=27420"}],"curies":[{"name":"wp","href":"https:\/\/api.w.org\/{rel}","templated":true}]}}