{"id":27406,"date":"2024-10-17T07:23:06","date_gmt":"2024-10-17T07:23:06","guid":{"rendered":"https:\/\/beyondconsultancy.com\/careers\/"},"modified":"2025-11-24T20:14:19","modified_gmt":"2025-11-24T20:14:19","slug":"kariyer","status":"publish","type":"page","link":"https:\/\/beyondconsultancy.com\/tr\/kariyer\/","title":{"rendered":"Kariyer"},"content":{"rendered":"\n\n\t<section class=\"section dark\" id=\"section_254826336\">\n\t\t<div class=\"section-bg fill\" >\n\t\t\t<img loading=\"lazy\" decoding=\"async\" width=\"1382\" height=\"802\" src=\"https:\/\/beyondconsultancy.com\/wp-content\/uploads\/2024\/11\/beyond_breadcrumb.jpg\" class=\"bg attachment-original size-original\" alt=\"\" \/>\t\t\t\t\t\t<div class=\"section-bg-overlay absolute fill\"><\/div>\n\t\t\t\n\n\t\t<\/div>\n\n\t\t\n\n\t\t<div class=\"section-content relative\">\n\t\t\t\n\n\t<div id=\"gap-1322983138\" class=\"gap-element clearfix\" style=\"display:block; height:auto;\">\n\t\t\n<style>\n#gap-1322983138 {\n  padding-top: 30px;\n}\n<\/style>\n\t<\/div>\n\t\n\n<div class=\"row row-small align-middle align-center\"  id=\"row-1393512493\">\n\n\n\t<div id=\"col-288388511\" class=\"col medium-8 small-10 large-12\"  >\n\t\t\t\t<div class=\"col-inner text-center\"  >\n\t\t\t\n\t\t\t\n\n<a class=\"button secondary is-small\" style=\"border-radius:5px;padding:0px 30px 0px 30px;\">\n\t\t<span>Kariyer<\/span>\n\t<\/a>\n\n\n\t<div id=\"gap-1957872470\" class=\"gap-element clearfix\" style=\"display:block; height:auto;\">\n\t\t\n<style>\n#gap-1957872470 {\n  padding-top: 20px;\n}\n<\/style>\n\t<\/div>\n\t\n\n\t<div id=\"text-1355862264\" class=\"text\">\n\t\t\n\n<h1>Kariyer F\u0131rsatlar\u0131<\/h1>\n\t\t\n<style>\n#text-1355862264 {\n  font-size: 2.25rem;\n  text-align: center;\n  color: rgb(255,255,255);\n}\n#text-1355862264 > * {\n  color: rgb(255,255,255);\n}\n<\/style>\n\t<\/div>\n\t\n\t<div id=\"text-2472979495\" class=\"text\">\n\t\t\n\n\n\t\t\n<style>\n#text-2472979495 {\n  font-size: 1.25rem;\n  text-align: center;\n  color: rgb(255,255,255);\n}\n#text-2472979495 > * {\n  color: rgb(255,255,255);\n}\n<\/style>\n\t<\/div>\n\t\n\n\t\t<\/div>\n\t\t\t\t\t<\/div>\n\n\t\n\n<\/div>\n\n\t\t<\/div>\n\n\t\t\n<style>\n#section_254826336 {\n  padding-top: 20px;\n  padding-bottom: 20px;\n  background-color: rgb(255,255,255);\n}\n#section_254826336 .section-bg-overlay {\n  background-color: rgba(0, 0, 0, 0.198);\n}\n#section_254826336 .section-bg img {\n  object-position: 68% 24%;\n}\n@media (min-width:550px) {\n  #section_254826336 {\n    padding-top: 70px;\n    padding-bottom: 70px;\n  }\n}\n<\/style>\n\t<\/section>\n\t\n\n\t<section class=\"section\" id=\"section_1908210989\">\n\t\t<div class=\"section-bg fill\" >\n\t\t\t\t\t\t\t\t\t\n\t\t\t\n\n\t\t<\/div>\n\n\t\t\n\n\t\t<div class=\"section-content relative\">\n\t\t\t\n\n<div class=\"row align-center\"  id=\"row-977064657\">\n\n\n\t<div id=\"col-937836979\" class=\"col small-12 large-12\"  >\n\t\t\t\t<div class=\"col-inner text-center\"  >\n\t\t\t\n\t\t\t\n\n\t<div id=\"text-1407362730\" class=\"text\">\n\t\t\n\n<h2 style=\"font-size: 23.04px;\"><span style=\"font-size: 170%;\">A\u00e7\u0131k Pozisyonlar<\/span><\/h2>\n\t\t\n<style>\n#text-1407362730 {\n  font-size: 1.25rem;\n}\n<\/style>\n\t<\/div>\n\t\n\t<div id=\"text-4043442594\" class=\"text text-justify\">\n\t\t\n\n<p>Beyond Consultancy her zaman kariyerine yeni ba\u015flayan gen\u00e7 yetenekler veya kariyerini bir \u00fcst seviyeye ta\u015f\u0131mak isteyen y\u00fcksek vas\u0131fl\u0131 profesyoneller ar\u0131yor. Hayalinizdeki i\u015fi aray\u0131n ve ekibimize kat\u0131l\u0131n.<\/p>\n\t\t\n<style>\n#text-4043442594 {\n  font-size: 1.35rem;\n}\n<\/style>\n\t<\/div>\n\t\n\n\t\t<\/div>\n\t\t\t\t\t<\/div>\n\n\t\n\n<\/div>\n<div class=\"row row-box-shadow-1-hover\"  id=\"row-968151744\">\n\n\n\t<div id=\"col-1334369654\" class=\"col medium-4 small-12 large-4\"  >\n\t\t\t\t<div class=\"col-inner box-shadow-1 box-shadow-2-hover\" style=\"background-color:rgb(250, 250, 250);\" >\n\t\t\t\n\t<div class=\"is-border\"\n\t\tstyle=\"border-color:rgb(236, 124, 35);border-width:3px 0px 0px 0px;\">\n\t<\/div>\n\t\t\t\n\n\t<div id=\"gap-218727204\" class=\"gap-element clearfix\" style=\"display:block; height:auto;\">\n\t\t\n<style>\n#gap-218727204 {\n  padding-top: 30px;\n}\n<\/style>\n\t<\/div>\n\t\n\n\t<div class=\"box has-hover   has-hover box-shade dark box-text-bottom\" >\n\n\t\t<div class=\"box-image\" >\n\t\t\t<a href=\"\/tr\/kariyer\/is-danismani\/\" >\t\t\t<div class=\"image-cover\" style=\"padding-top:65%;\">\n\t\t\t\t<img loading=\"lazy\" decoding=\"async\" width=\"1000\" height=\"1000\" src=\"https:\/\/beyondconsultancy.com\/wp-content\/uploads\/2025\/01\/legal.jpg\" class=\"attachment- size-\" alt=\"\" srcset=\"https:\/\/beyondconsultancy.com\/wp-content\/uploads\/2025\/01\/legal.jpg 1000w, https:\/\/beyondconsultancy.com\/wp-content\/uploads\/2025\/01\/legal-300x300.jpg 300w, https:\/\/beyondconsultancy.com\/wp-content\/uploads\/2025\/01\/legal-150x150.jpg 150w, https:\/\/beyondconsultancy.com\/wp-content\/uploads\/2025\/01\/legal-768x768.jpg 768w\" sizes=\"auto, (max-width: 1000px) 100vw, 1000px\" \/>\t\t\t\t\t\t\t\t<div class=\"shade\"><\/div>\t\t\t<\/div>\n\t\t\t<\/a>\t\t<\/div>\n\n\t\t<div class=\"box-text show-on-hover hover-bounce text-left\" >\n\t\t\t<div class=\"box-text-inner\">\n\t\t\t\t\n\n\n\t\t\t<\/div>\n\t\t<\/div>\n\t<\/div>\n\t\n\t<div id=\"gap-942005429\" class=\"gap-element clearfix\" style=\"display:block; height:auto;\">\n\t\t\n<style>\n#gap-942005429 {\n  padding-top: 20px;\n}\n<\/style>\n\t<\/div>\n\t\n\n<h4><span style=\"font-size: 100%;\">\u0130\u015f Dan\u0131\u015fman\u0131<br \/>\n<\/span><\/h4>\n<p>Kendinizi d\u00fcnyay\u0131 ele almaya haz\u0131r bir sonraki i\u015f dan\u0131\u015fman\u0131 olarak g\u00f6r\u00fcyor musunuz? Hemen ba\u015fvurun! <\/p>\n<a href=\"\/tr\/kariyer\/is-danismani\/\" class=\"button secondary is-underline\" >\n\t\t<span>Detaylar<\/span>\n\t<i class=\"icon-angle-right\" aria-hidden=\"true\"><\/i><\/a>\n\n\n\n\t\t<\/div>\n\t\t\t\t\t<\/div>\n\n\t\n\n\t<div id=\"col-66372333\" class=\"col medium-4 small-12 large-4\"  >\n\t\t\t\t<div class=\"col-inner box-shadow-1 box-shadow-2-hover\" style=\"background-color:rgb(250, 250, 250);\" >\n\t\t\t\n\t<div class=\"is-border\"\n\t\tstyle=\"border-color:rgb(236, 124, 35);border-width:3px 0px 0px 0px;\">\n\t<\/div>\n\t\t\t\n\n\t<div id=\"gap-1947463051\" class=\"gap-element clearfix\" style=\"display:block; height:auto;\">\n\t\t\n<style>\n#gap-1947463051 {\n  padding-top: 30px;\n}\n<\/style>\n\t<\/div>\n\t\n\n\t<div class=\"box has-hover   has-hover box-shade dark box-text-bottom\" >\n\n\t\t<div class=\"box-image\" >\n\t\t\t<a href=\"\/tr\/kariyer\/finansal-danisman\/\" >\t\t\t<div class=\"image-cover\" style=\"padding-top:65%;\">\n\t\t\t\t<img loading=\"lazy\" decoding=\"async\" width=\"1000\" height=\"745\" src=\"https:\/\/beyondconsultancy.com\/wp-content\/uploads\/2025\/01\/Accountancy_beyond.jpg\" class=\"attachment- size-\" alt=\"\" srcset=\"https:\/\/beyondconsultancy.com\/wp-content\/uploads\/2025\/01\/Accountancy_beyond.jpg 1000w, https:\/\/beyondconsultancy.com\/wp-content\/uploads\/2025\/01\/Accountancy_beyond-300x224.jpg 300w, https:\/\/beyondconsultancy.com\/wp-content\/uploads\/2025\/01\/Accountancy_beyond-768x572.jpg 768w\" sizes=\"auto, (max-width: 1000px) 100vw, 1000px\" \/>\t\t\t\t\t\t\t\t<div class=\"shade\"><\/div>\t\t\t<\/div>\n\t\t\t<\/a>\t\t<\/div>\n\n\t\t<div class=\"box-text show-on-hover hover-bounce text-left\" >\n\t\t\t<div class=\"box-text-inner\">\n\t\t\t\t\n\n\n\t\t\t<\/div>\n\t\t<\/div>\n\t<\/div>\n\t\n\t<div id=\"gap-139330048\" class=\"gap-element clearfix\" style=\"display:block; height:auto;\">\n\t\t\n<style>\n#gap-139330048 {\n  padding-top: 20px;\n}\n<\/style>\n\t<\/div>\n\t\n\n<h4><span style=\"font-size: 100%;\">Mali Dan\u0131\u015fman<br \/>\n<\/span><\/h4>\n<p>Finans alan\u0131nda bir kariyeri dan\u0131\u015fmanl\u0131kla birle\u015ftirmek mi istiyorsunuz? Hemen ba\u015fvurun! <\/p>\n\t<div id=\"gap-205599410\" class=\"gap-element clearfix\" style=\"display:block; height:auto;\">\n\t\t\n<style>\n#gap-205599410 {\n  padding-top: 23px;\n}\n<\/style>\n\t<\/div>\n\t\n\n<a href=\"\/tr\/kariyer\/finansal-danisman\/\" class=\"button secondary is-underline\" >\n\t\t<span>Detaylar<\/span>\n\t<i class=\"icon-angle-right\" aria-hidden=\"true\"><\/i><\/a>\n\n\n\n\t\t<\/div>\n\t\t\t\t\t<\/div>\n\n\t\n\n\t<div id=\"col-1180149897\" class=\"col medium-4 small-12 large-4\"  >\n\t\t\t\t<div class=\"col-inner box-shadow-1 box-shadow-2-hover\" style=\"background-color:rgb(250, 250, 250);\" >\n\t\t\t\n\t<div class=\"is-border\"\n\t\tstyle=\"border-color:rgb(236, 124, 35);border-width:3px 0px 0px 0px;\">\n\t<\/div>\n\t\t\t\n\n\t<div id=\"gap-2074383767\" class=\"gap-element clearfix\" style=\"display:block; height:auto;\">\n\t\t\n<style>\n#gap-2074383767 {\n  padding-top: 30px;\n}\n<\/style>\n\t<\/div>\n\t\n\n\t<div class=\"box has-hover   has-hover box-shade dark box-text-bottom\" >\n\n\t\t<div class=\"box-image\" >\n\t\t\t<a href=\"\/tr\/kariyer\/bt-danismani\/\" >\t\t\t<div class=\"image-cover\" style=\"padding-top:65%;\">\n\t\t\t\t<img loading=\"lazy\" decoding=\"async\" width=\"1000\" height=\"1000\" src=\"https:\/\/beyondconsultancy.com\/wp-content\/uploads\/2025\/01\/IT-Consultant.png\" class=\"attachment- size-\" alt=\"\" srcset=\"https:\/\/beyondconsultancy.com\/wp-content\/uploads\/2025\/01\/IT-Consultant.png 1000w, https:\/\/beyondconsultancy.com\/wp-content\/uploads\/2025\/01\/IT-Consultant-300x300.png 300w, https:\/\/beyondconsultancy.com\/wp-content\/uploads\/2025\/01\/IT-Consultant-150x150.png 150w, https:\/\/beyondconsultancy.com\/wp-content\/uploads\/2025\/01\/IT-Consultant-768x768.png 768w\" sizes=\"auto, (max-width: 1000px) 100vw, 1000px\" \/>\t\t\t\t\t\t\t\t<div class=\"shade\"><\/div>\t\t\t<\/div>\n\t\t\t<\/a>\t\t<\/div>\n\n\t\t<div class=\"box-text show-on-hover hover-bounce text-left\" >\n\t\t\t<div class=\"box-text-inner\">\n\t\t\t\t\n\n\n\t\t\t<\/div>\n\t\t<\/div>\n\t<\/div>\n\t\n\t<div id=\"gap-1596830707\" class=\"gap-element clearfix\" style=\"display:block; height:auto;\">\n\t\t\n<style>\n#gap-1596830707 {\n  padding-top: 20px;\n}\n<\/style>\n\t<\/div>\n\t\n\n<h4><span style=\"font-size: 100%;\">BT Dan\u0131\u015fman\u0131<br \/>\n<\/span><\/h4>\n<p>Bilgi teknolojileri alan\u0131ndaki karma\u015f\u0131k sorunlar\u0131 \u00e7\u00f6zme tutkunuz mu var? Hemen ba\u015fvurun! <\/p>\n\t<div id=\"gap-729410412\" class=\"gap-element clearfix\" style=\"display:block; height:auto;\">\n\t\t\n<style>\n#gap-729410412 {\n  padding-top: 23px;\n}\n<\/style>\n\t<\/div>\n\t\n\n<a href=\"\/tr\/kariyer\/bt-danismani\/\" class=\"button secondary is-underline\" >\n\t\t<span>Detaylar<\/span>\n\t<i class=\"icon-angle-right\" aria-hidden=\"true\"><\/i><\/a>\n\n\n\n\t\t<\/div>\n\t\t\t\t\t<\/div>\n\n\t\n\n\n<style>\n#row-968151744 > .col > .col-inner {\n  padding: 15px 15px 15px 15px;\n  background-color: rgb(250, 250, 250);\n}\n<\/style>\n<\/div>\n\t<div id=\"gap-1807950839\" class=\"gap-element clearfix\" style=\"display:block; height:auto;\">\n\t\t\n<style>\n#gap-1807950839 {\n  padding-top: 80px;\n}\n<\/style>\n\t<\/div>\n\t\n\n\n\t\t<\/div>\n\n\t\t\n<style>\n#section_1908210989 {\n  padding-top: 40px;\n  padding-bottom: 40px;\n}\n@media (min-width:550px) {\n  #section_1908210989 {\n    padding-top: 60px;\n    padding-bottom: 60px;\n  }\n}\n@media (min-width:850px) {\n  #section_1908210989 {\n    padding-top: 30px;\n    padding-bottom: 30px;\n  }\n}\n<\/style>\n\t<\/section>\n\t\n\n\t<section class=\"section dark\" id=\"section_1641774304\">\n\t\t<div class=\"section-bg fill\" >\n\t\t\t<img loading=\"lazy\" decoding=\"async\" width=\"1082\" height=\"802\" src=\"https:\/\/beyondconsultancy.com\/wp-content\/uploads\/2024\/11\/service-breadcrumb.jpg\" class=\"bg attachment- size-\" alt=\"\" \/>\t\t\t\t\t\t<div class=\"section-bg-overlay absolute fill\"><\/div>\n\t\t\t\n\n\t\t<\/div>\n\n\t\t\n\n\t\t<div class=\"section-content relative\">\n\t\t\t\n\n<div class=\"row align-center\"  id=\"row-870979277\">\n\n\n\t<div id=\"col-1593494041\" class=\"col medium-8 small-12 large-8\"  >\n\t\t\t\t<div class=\"col-inner text-center\"  >\n\t\t\t\n\t\t\t\n\n\t<div id=\"text-1002971661\" class=\"text\">\n\t\t\n\n<h2>Sizin \u0130\u00e7in Buraday\u0131z<\/h2>\n\t\t\n<style>\n#text-1002971661 {\n  font-size: 1.1rem;\n}\n@media (min-width:550px) {\n  #text-1002971661 {\n    font-size: 1.2rem;\n  }\n}\n<\/style>\n\t<\/div>\n\t\n\t<div id=\"text-212479151\" class=\"text\">\n\t\t\n\n<h2 class=\"color-orange\"><strong>Profesyonel destek i\u00e7in bizimle ileti\u015fime ge\u00e7in<\/strong><\/h2>\n\t\t\n<style>\n#text-212479151 {\n  font-size: 1.2rem;\n  color: rgb(255,255,255);\n}\n#text-212479151 > * {\n  color: rgb(255,255,255);\n}\n<\/style>\n\t<\/div>\n\t\n\t<div id=\"gap-1149714451\" class=\"gap-element clearfix\" style=\"display:block; height:auto;\">\n\t\t\n<style>\n#gap-1149714451 {\n  padding-top: 30px;\n}\n<\/style>\n\t<\/div>\n\t\n\n<a class=\"button secondary is-bevel is-large box-shadow-2 box-shadow-3-hover open-consult-modal\" style=\"border-radius:5px;\">\n\t<i class=\"icon-phone\" aria-hidden=\"true\"><\/i>\t<span>Geri arama talebi<\/span>\n\t<\/a>\n\n\n\n\t\t<\/div>\n\t\t\t\t\t<\/div>\n\n\t\n\n<\/div>\n\n\t\t<\/div>\n\n\t\t\n<style>\n#section_1641774304 {\n  padding-top: 30px;\n  padding-bottom: 30px;\n  min-height: 500px;\n}\n#section_1641774304 .section-bg-overlay {\n  background-color: rgba(0, 0, 0, 0.68);\n}\n#section_1641774304 .section-bg img {\n  object-position: 14% 35%;\n}\n@media (min-width:550px) {\n  #section_1641774304 {\n    min-height: 400px;\n  }\n}\n<\/style>\n\t<\/section>\n\t\n\n","protected":false},"excerpt":{"rendered":"","protected":false},"author":1,"featured_media":0,"parent":0,"menu_order":0,"comment_status":"closed","ping_status":"closed","template":"page-blank.php","meta":{"footnotes":""},"class_list":["post-27406","page","type-page","status-publish","hentry"],"_links":{"self":[{"href":"https:\/\/beyondconsultancy.com\/tr\/wp-json\/wp\/v2\/pages\/27406","targetHints":{"allow":["GET"]}}],"collection":[{"href":"https:\/\/beyondconsultancy.com\/tr\/wp-json\/wp\/v2\/pages"}],"about":[{"href":"https:\/\/beyondconsultancy.com\/tr\/wp-json\/wp\/v2\/types\/page"}],"author":[{"embeddable":true,"href":"https:\/\/beyondconsultancy.com\/tr\/wp-json\/wp\/v2\/users\/1"}],"replies":[{"embeddable":true,"href":"https:\/\/beyondconsultancy.com\/tr\/wp-json\/wp\/v2\/comments?post=27406"}],"version-history":[{"count":11,"href":"https:\/\/beyondconsultancy.com\/tr\/wp-json\/wp\/v2\/pages\/27406\/revisions"}],"predecessor-version":[{"id":28314,"href":"https:\/\/beyondconsultancy.com\/tr\/wp-json\/wp\/v2\/pages\/27406\/revisions\/28314"}],"wp:attachment":[{"href":"https:\/\/beyondconsultancy.com\/tr\/wp-json\/wp\/v2\/media?parent=27406"}],"curies":[{"name":"wp","href":"https:\/\/api.w.org\/{rel}","templated":true}]}}